{"id":515,"date":"2019-11-14T10:53:59","date_gmt":"2019-11-14T10:53:59","guid":{"rendered":"http:\/\/stronghold.g-2.eu\/%d1%83%d1%81%d0%bb%d1%83%d0%b3%d0%b8\/"},"modified":"2020-02-11T14:57:03","modified_gmt":"2020-02-11T14:57:03","slug":"pakalpojumi","status":"publish","type":"page","link":"https:\/\/stronghold.lv\/lv\/pakalpojumi\/","title":{"rendered":"Pakalpojumi"},"content":{"rendered":"<p>[et_pb_section fb_built=&#8221;1&#8243; _builder_version=&#8221;3.29.2&#8243;][et_pb_row column_structure=&#8221;1_2,1_2&#8243; _builder_version=&#8221;3.25&#8243; min_height=&#8221;162px&#8221;][et_pb_column type=&#8221;1_2&#8243; _builder_version=&#8221;3.25&#8243; custom_padding=&#8221;|||&#8221; custom_padding__hover=&#8221;|||&#8221;][et_pb_text _builder_version=&#8221;3.29.2&#8243; text_font=&#8221;||||||||&#8221; text_line_height=&#8221;2em&#8221; header_font=&#8221;||||||||&#8221; header_2_font=&#8221;Poppins|600|||||||&#8221; header_2_font_size=&#8221;40px&#8221; header_2_line_height=&#8221;1.4em&#8221; header_3_font=&#8221;Poppins|600||on|||||&#8221; header_3_text_color=&#8221;#ff885a&#8221; header_3_font_size=&#8221;13px&#8221; header_3_letter_spacing=&#8221;2px&#8221; header_3_line_height=&#8221;1.8em&#8221; max_width=&#8221;700px&#8221; module_alignment=&#8221;center&#8221; header_2_font_size_tablet=&#8221;26px&#8221; header_2_font_size_phone=&#8221;20px&#8221; header_2_font_size_last_edited=&#8221;on|phone&#8221; locked=&#8221;off&#8221;]<\/p>\n<h3 style=\"text-align: left;\">m\u016bsu pakalpojumi<\/h3>\n<h2><span style=\"color: #000000;\">Projektu virz\u012b\u0161ana<\/span><\/h2>\n<p>[\/et_pb_text][\/et_pb_column][et_pb_column type=&#8221;1_2&#8243; _builder_version=&#8221;3.25&#8243; custom_padding=&#8221;|||&#8221; custom_padding__hover=&#8221;|||&#8221;][et_pb_text _builder_version=&#8221;4.0.9&#8243; text_font=&#8221;||||||||&#8221; text_text_color=&#8221;#000000&#8243; text_line_height=&#8221;2em&#8221; header_2_font=&#8221;Poppins|600|||||||&#8221; header_2_font_size=&#8221;40px&#8221; header_2_line_height=&#8221;1.4em&#8221; header_3_font=&#8221;Poppins|600||on|||||&#8221; header_3_text_color=&#8221;#ff885a&#8221; header_3_font_size=&#8221;13px&#8221; header_3_letter_spacing=&#8221;2px&#8221; header_3_line_height=&#8221;1.8em&#8221; max_width=&#8221;700px&#8221; hover_enabled=&#8221;0&#8243; header_2_font_size_tablet=&#8221;26px&#8221; header_2_font_size_phone=&#8221;20px&#8221; header_2_font_size_last_edited=&#8221;on|phone&#8221; locked=&#8221;off&#8221;]<\/p>\n<p><strong>SEO<\/strong><\/p>\n<p>SEO anal\u012bze. Konkurences anal\u012bze. Iek\u0161\u0113jais \/ \u0101r\u0113jais SEO. Uzskait\u012bjums. Sai\u0161u veido\u0161ana (Linkbilding). Tehniskie risin\u0101jumi un optimiz\u0101cija.<\/p>\n<p><strong>SMM<\/strong><\/p>\n<p>Profilu izstr\u0101de un uztur\u0113\u0161ana soci\u0101lajos t\u012bklos. Satura m\u0101rketings. Tekstu sast\u0101d\u012b\u0161ana. Facebook rekl\u0101mas.<\/p>\n<p>&nbsp;<\/p>\n<p>[\/et_pb_text][\/et_pb_column][\/et_pb_row][et_pb_row column_structure=&#8221;3_5,2_5&#8243; _builder_version=&#8221;3.29.2&#8243;][et_pb_column type=&#8221;3_5&#8243; _builder_version=&#8221;3.29.2&#8243;][et_pb_text _builder_version=&#8221;4.0.9&#8243; text_text_color=&#8221;#000000&#8243; hover_enabled=&#8221;0&#8243;]<\/p>\n<ul>\n<li>M\u0101jas lapu, mobilo lietot\u0146u, programmat\u016bras izstr\u0101de<\/li>\n<li>Serveru uzst\u0101d\u012b\u0161ana, konfigur\u0113\u0161ana un uztur\u0113\u0161ana<\/li>\n<li>T\u012bmek\u013ca viet\u0146u dizains<\/li>\n<li>Rezerves kop\u0113\u0161anas sist\u0113mu iestat\u012b\u0161ana<\/li>\n<li>Korporat\u012bv\u0101 e-pasta izveido\u0161ana un iestat\u012b\u0161ana<\/li>\n<li>Interneta piek\u013cuves administr\u0113\u0161ana<\/li>\n<li>Inform\u0101cijas dro\u0161\u012bbas nodro\u0161in\u0101\u0161ana<\/li>\n<\/ul>\n<p>[\/et_pb_text][\/et_pb_column][et_pb_column type=&#8221;2_5&#8243; _builder_version=&#8221;3.29.2&#8243;][et_pb_text _builder_version=&#8221;3.29.2&#8243; text_font=&#8221;||||||||&#8221; text_line_height=&#8221;2em&#8221; header_font=&#8221;||||||||&#8221; header_2_font=&#8221;Poppins|600|||||||&#8221; header_2_font_size=&#8221;40px&#8221; header_2_line_height=&#8221;1.4em&#8221; header_3_font=&#8221;Poppins|600||on|||||&#8221; header_3_text_color=&#8221;#ff885a&#8221; header_3_font_size=&#8221;13px&#8221; header_3_letter_spacing=&#8221;2px&#8221; header_3_line_height=&#8221;1.8em&#8221; max_width=&#8221;700px&#8221; module_alignment=&#8221;center&#8221; header_2_font_size_tablet=&#8221;26px&#8221; header_2_font_size_phone=&#8221;20px&#8221; header_2_font_size_last_edited=&#8221;on|phone&#8221; locked=&#8221;off&#8221;]<\/p>\n<h3><\/h3>\n<h2><span style=\"color: #000000;\">Virtu\u0101lie serveri<\/span><\/h2>\n<p>[\/et_pb_text][\/et_pb_column][\/et_pb_row][et_pb_row column_structure=&#8221;1_2,1_2&#8243; _builder_version=&#8221;3.25&#8243; min_height=&#8221;162px&#8221;][et_pb_column type=&#8221;1_2&#8243; _builder_version=&#8221;3.25&#8243; custom_padding=&#8221;|||&#8221; custom_padding__hover=&#8221;|||&#8221;][et_pb_text _builder_version=&#8221;3.29.2&#8243; text_font=&#8221;||||||||&#8221; text_line_height=&#8221;2em&#8221; header_font=&#8221;||||||||&#8221; header_2_font=&#8221;Poppins|600|||||||&#8221; header_2_font_size=&#8221;40px&#8221; header_2_line_height=&#8221;1.4em&#8221; header_3_font=&#8221;Poppins|600||on|||||&#8221; header_3_text_color=&#8221;#ff885a&#8221; header_3_font_size=&#8221;13px&#8221; header_3_letter_spacing=&#8221;2px&#8221; header_3_line_height=&#8221;1.8em&#8221; max_width=&#8221;700px&#8221; module_alignment=&#8221;center&#8221; hover_enabled=&#8221;0&#8243; header_2_font_size_tablet=&#8221;26px&#8221; header_2_font_size_phone=&#8221;20px&#8221; header_2_font_size_last_edited=&#8221;on|phone&#8221; locked=&#8221;off&#8221;]<\/p>\n<h3 style=\"text-align: left;\"><\/h3>\n<h2><span style=\"color: #000000;\">Mobilo lietot\u0146u izstr\u0101de<\/span><\/h2>\n<p>[\/et_pb_text][\/et_pb_column][et_pb_column type=&#8221;1_2&#8243; _builder_version=&#8221;3.25&#8243; custom_padding=&#8221;|||&#8221; custom_padding__hover=&#8221;|||&#8221;][et_pb_text _builder_version=&#8221;4.0.9&#8243; text_font=&#8221;||||||||&#8221; text_text_color=&#8221;#000000&#8243; text_line_height=&#8221;2em&#8221; header_2_font=&#8221;Poppins|600|||||||&#8221; header_2_font_size=&#8221;40px&#8221; header_2_line_height=&#8221;1.4em&#8221; header_3_font=&#8221;Poppins|600||on|||||&#8221; header_3_text_color=&#8221;#ff885a&#8221; header_3_font_size=&#8221;13px&#8221; header_3_letter_spacing=&#8221;2px&#8221; header_3_line_height=&#8221;1.8em&#8221; max_width=&#8221;700px&#8221; hover_enabled=&#8221;0&#8243; header_2_font_size_tablet=&#8221;26px&#8221; header_2_font_size_phone=&#8221;20px&#8221; header_2_font_size_last_edited=&#8221;on|phone&#8221; locked=&#8221;off&#8221;]<\/p>\n<p>M\u0113s pied\u0101v\u0101jam gan Native tipa, gan da\u017e\u0101dplatformu lietot\u0146u izstr\u0101di, k\u0101 ar\u012b pal\u012bdzam izv\u0113l\u0113ties lab\u0101ko risin\u0101jumu j\u016bsu projektam. M\u016bsu biznesa anal\u012bti\u0137i un tehniskie eksperti run\u0101s par iesp\u0113j\u0101m ar visiem plusiem un m\u012bnusiem un pal\u012bdz\u0113s jums izv\u0113l\u0113ties pareizo virzienu uz pan\u0101kumiem.<\/p>\n<p>[\/et_pb_text][\/et_pb_column][\/et_pb_row][et_pb_row column_structure=&#8221;3_5,2_5&#8243; _builder_version=&#8221;3.29.2&#8243;][et_pb_column type=&#8221;3_5&#8243; _builder_version=&#8221;3.29.2&#8243;][et_pb_text _builder_version=&#8221;4.0.9&#8243; text_text_color=&#8221;#000000&#8243; hover_enabled=&#8221;0&#8243;]<\/p>\n<ul>\n<li>Strat\u0113\u0123ijas pl\u0101no\u0161ana un izpilde<\/li>\n<li>Tirgus anal\u012bze<\/li>\n<li>Strat\u0113\u0123ijas atjaunin\u0101\u0161ana saist\u012bb\u0101 ar \u0101r\u0113j\u0101m izmai\u0146\u0101m<\/li>\n<li>ROI m\u0113r\u012b\u0161ana un optimiz\u0101cijas padomi<\/li>\n<li>Sare\u017e\u0123\u012btu m\u0101rketinga procesu skaidro\u0161ana<\/li>\n<li>Pa\u0161reiz notieko\u0161o kampa\u0146u izseko\u0161ana<\/li>\n<\/ul>\n<p>[\/et_pb_text][\/et_pb_column][et_pb_column type=&#8221;2_5&#8243; _builder_version=&#8221;3.29.2&#8243;][et_pb_text _builder_version=&#8221;3.29.2&#8243; text_font=&#8221;||||||||&#8221; text_line_height=&#8221;2em&#8221; header_font=&#8221;||||||||&#8221; header_2_font=&#8221;Poppins|600|||||||&#8221; header_2_font_size=&#8221;40px&#8221; header_2_line_height=&#8221;1.4em&#8221; header_3_font=&#8221;Poppins|600||on|||||&#8221; header_3_text_color=&#8221;#ff885a&#8221; header_3_font_size=&#8221;13px&#8221; header_3_letter_spacing=&#8221;2px&#8221; header_3_line_height=&#8221;1.8em&#8221; max_width=&#8221;700px&#8221; module_alignment=&#8221;center&#8221; header_2_font_size_tablet=&#8221;26px&#8221; header_2_font_size_phone=&#8221;20px&#8221; header_2_font_size_last_edited=&#8221;on|phone&#8221; locked=&#8221;off&#8221;]<\/p>\n<h3><\/h3>\n<h2><span style=\"color: #000000;\">M\u0101rketinga konsult\u0101cijas<\/span><\/h2>\n<p>[\/et_pb_text][\/et_pb_column][\/et_pb_row][et_pb_row column_structure=&#8221;1_2,1_2&#8243; _builder_version=&#8221;3.25&#8243; min_height=&#8221;153px&#8221;][et_pb_column type=&#8221;1_2&#8243; _builder_version=&#8221;3.25&#8243; custom_padding=&#8221;|||&#8221; custom_padding__hover=&#8221;|||&#8221;][et_pb_text _builder_version=&#8221;3.29.2&#8243; text_font=&#8221;||||||||&#8221; text_line_height=&#8221;2em&#8221; header_font=&#8221;||||||||&#8221; header_2_font=&#8221;Poppins|600|||||||&#8221; header_2_font_size=&#8221;40px&#8221; header_2_line_height=&#8221;1.4em&#8221; header_3_font=&#8221;Poppins|600||on|||||&#8221; header_3_text_color=&#8221;#ff885a&#8221; header_3_font_size=&#8221;13px&#8221; header_3_letter_spacing=&#8221;2px&#8221; header_3_line_height=&#8221;1.8em&#8221; max_width=&#8221;700px&#8221; module_alignment=&#8221;center&#8221; hover_enabled=&#8221;0&#8243; header_2_font_size_tablet=&#8221;26px&#8221; header_2_font_size_phone=&#8221;20px&#8221; header_2_font_size_last_edited=&#8221;on|phone&#8221; locked=&#8221;off&#8221;]<\/p>\n<h2><span style=\"color: #000000;\">Biznesa konsult\u0101cijas<\/span><\/h2>\n<p>[\/et_pb_text][\/et_pb_column][et_pb_column type=&#8221;1_2&#8243; _builder_version=&#8221;3.25&#8243; custom_padding=&#8221;|||&#8221; custom_padding__hover=&#8221;|||&#8221;][et_pb_text _builder_version=&#8221;4.0.9&#8243; text_font=&#8221;||||||||&#8221; text_text_color=&#8221;#000000&#8243; text_line_height=&#8221;2em&#8221; header_2_font=&#8221;Poppins|600|||||||&#8221; header_2_font_size=&#8221;40px&#8221; header_2_line_height=&#8221;1.4em&#8221; header_3_font=&#8221;Poppins|600||on|||||&#8221; header_3_text_color=&#8221;#ff885a&#8221; header_3_font_size=&#8221;13px&#8221; header_3_letter_spacing=&#8221;2px&#8221; header_3_line_height=&#8221;1.8em&#8221; max_width=&#8221;700px&#8221; hover_enabled=&#8221;0&#8243; header_2_font_size_tablet=&#8221;26px&#8221; header_2_font_size_phone=&#8221;20px&#8221; header_2_font_size_last_edited=&#8221;on|phone&#8221; locked=&#8221;off&#8221;]<\/p>\n<ul>\n<li>Uz\u0146\u0113muma strat\u0113\u0123isko m\u0113r\u0137u atbilst\u012bbas pa\u0161reiz\u0113jam tirgus st\u0101voklim nov\u0113rt\u0113\u0161ana<\/li>\n<li>Biznesa komerci\u0101l\u0101s dz\u012bvotsp\u0113jas anal\u012bze<\/li>\n<li>Tirgus izp\u0113te att\u012bst\u012bbas iesp\u0113ju noteik\u0161anai<\/li>\n<li>Uz\u0146\u0113muma stipro pu\u0161u un iesp\u0113ju, k\u0101 ar\u012b v\u0101jo pu\u0161u un iesp\u0113jamo \u201cdraudu\u201d no \u0101rpuses noteik\u0161ana<\/li>\n<li>Konkurences anal\u012bze<\/li>\n<\/ul>\n<p>[\/et_pb_text][\/et_pb_column][\/et_pb_row][et_pb_row column_structure=&#8221;3_5,2_5&#8243; _builder_version=&#8221;3.29.2&#8243;][et_pb_column type=&#8221;3_5&#8243; _builder_version=&#8221;3.29.2&#8243;][et_pb_text _builder_version=&#8221;4.0.9&#8243; text_text_color=&#8221;#000000&#8243; hover_enabled=&#8221;0&#8243;]<\/p>\n<ul>\n<li>Pas\u0101kuma norises vietas un laika izv\u0113le<\/li>\n<li>Programmas sagatavo\u0161ana<\/li>\n<li>Potenci\u0101lo dal\u012bbnieku uzskait\u012b\u0161ana, iel\u016bgumu izs\u016bt\u012b\u0161ana<\/li>\n<li>Biznesa pas\u0101kumu norises reglamenta izstr\u0101de<\/li>\n<li>Dal\u012bbnieku transfers un izmitin\u0101\u0161ana<\/li>\n<li>Programmas izklaides da\u013cas izstr\u0101de un \u0113din\u0101\u0161anas nodro\u0161in\u0101\u0161ana<\/li>\n<\/ul>\n<p>M\u0113s organiz\u0113jam biznesa pas\u0101kumus, piem\u0113ram, izst\u0101des, konferences, semin\u0101rus, meistarklases, biznesa pie\u0146em\u0161anas utt.<\/p>\n<p>[\/et_pb_text][\/et_pb_column][et_pb_column type=&#8221;2_5&#8243; _builder_version=&#8221;3.29.2&#8243;][et_pb_text _builder_version=&#8221;3.29.2&#8243; text_font=&#8221;||||||||&#8221; text_line_height=&#8221;2em&#8221; header_font=&#8221;||||||||&#8221; header_2_font=&#8221;Poppins|600|||||||&#8221; header_2_font_size=&#8221;40px&#8221; header_2_line_height=&#8221;1.4em&#8221; header_3_font=&#8221;Poppins|600||on|||||&#8221; header_3_text_color=&#8221;#ff885a&#8221; header_3_font_size=&#8221;13px&#8221; header_3_letter_spacing=&#8221;2px&#8221; header_3_line_height=&#8221;1.8em&#8221; max_width=&#8221;700px&#8221; module_alignment=&#8221;center&#8221; header_2_font_size_tablet=&#8221;26px&#8221; header_2_font_size_phone=&#8221;20px&#8221; header_2_font_size_last_edited=&#8221;on|phone&#8221; locked=&#8221;off&#8221;]<\/p>\n<h3><\/h3>\n<h2><span style=\"color: #000000;\">Biznesa pas\u0101kumu organiz\u0101cija<\/span><\/h2>\n<p>[\/et_pb_text][\/et_pb_column][\/et_pb_row][et_pb_row column_structure=&#8221;1_2,1_2&#8243; _builder_version=&#8221;3.25&#8243; min_height=&#8221;153px&#8221;][et_pb_column type=&#8221;1_2&#8243; _builder_version=&#8221;3.25&#8243; custom_padding=&#8221;|||&#8221; custom_padding__hover=&#8221;|||&#8221;][et_pb_text _builder_version=&#8221;3.29.2&#8243; text_font=&#8221;||||||||&#8221; text_line_height=&#8221;2em&#8221; header_font=&#8221;||||||||&#8221; header_2_font=&#8221;Poppins|600|||||||&#8221; header_2_font_size=&#8221;40px&#8221; header_2_line_height=&#8221;1.4em&#8221; header_3_font=&#8221;Poppins|600||on|||||&#8221; header_3_text_color=&#8221;#ff885a&#8221; header_3_font_size=&#8221;13px&#8221; header_3_letter_spacing=&#8221;2px&#8221; header_3_line_height=&#8221;1.8em&#8221; max_width=&#8221;700px&#8221; module_alignment=&#8221;center&#8221; header_2_font_size_tablet=&#8221;26px&#8221; header_2_font_size_phone=&#8221;20px&#8221; header_2_font_size_last_edited=&#8221;on|phone&#8221; locked=&#8221;off&#8221;]<\/p>\n<h2><span style=\"color: #000000;\">Priv\u0101t\u0101s t\u016bres uz Monako<\/span><\/h2>\n<p>[\/et_pb_text][\/et_pb_column][et_pb_column type=&#8221;1_2&#8243; _builder_version=&#8221;3.25&#8243; custom_padding=&#8221;|||&#8221; custom_padding__hover=&#8221;|||&#8221;][et_pb_text _builder_version=&#8221;4.0.9&#8243; text_font=&#8221;||||||||&#8221; text_text_color=&#8221;#000000&#8243; text_line_height=&#8221;2em&#8221; header_2_font=&#8221;Poppins|600|||||||&#8221; header_2_font_size=&#8221;40px&#8221; header_2_line_height=&#8221;1.4em&#8221; header_3_font=&#8221;Poppins|600||on|||||&#8221; header_3_text_color=&#8221;#ff885a&#8221; header_3_font_size=&#8221;13px&#8221; header_3_letter_spacing=&#8221;2px&#8221; header_3_line_height=&#8221;1.8em&#8221; max_width=&#8221;700px&#8221; hover_enabled=&#8221;0&#8243; header_2_font_size_tablet=&#8221;26px&#8221; header_2_font_size_phone=&#8221;20px&#8221; header_2_font_size_last_edited=&#8221;on|phone&#8221; locked=&#8221;off&#8221;]<\/p>\n<p>M\u0113s jums nodro\u0161in\u0101sim neaizmirstamu atp\u016btu Az\u016bra krast\u0101:<\/p>\n<p><span><\/span><\/p>\n<ul>\n<li>Izv\u0113l\u0113simies piem\u0113rotu t\u016bri uz Monako karalisti;<\/li>\n<li>Sagatavosim mar\u0161rutu, pamatojoties uz j\u016bsu v\u0113lm\u0113m;<\/li>\n<li>Rezerv\u0113sim viesn\u012bcu;<\/li>\n<li>Nodro\u0161in\u0101sim lidojumu turp un atpaka\u013c;<\/li>\n<li>Organiz\u0113sim transferu;<\/li>\n<li>Ja nepiecie\u0161ams, noform\u0113sim v\u012bzu;<\/li>\n<li>Izv\u0113l\u0113simies ekskursijas.<\/li>\n<\/ul>\n<p>[\/et_pb_text][\/et_pb_column][\/et_pb_row][\/et_pb_section]<\/p>\n","protected":false},"excerpt":{"rendered":"<p>[et_pb_section fb_built=&#8221;1&#8243; _builder_version=&#8221;3.29.2&#8243;][et_pb_row column_structure=&#8221;1_2,1_2&#8243; _builder_version=&#8221;3.25&#8243; min_height=&#8221;162px&#8221;][et_pb_column type=&#8221;1_2&#8243; _builder_version=&#8221;3.25&#8243; custom_padding=&#8221;|||&#8221; custom_padding__hover=&#8221;|||&#8221;][et_pb_text _builder_version=&#8221;3.29.2&#8243; text_font=&#8221;||||||||&#8221; text_line_height=&#8221;2em&#8221; header_font=&#8221;||||||||&#8221; header_2_font=&#8221;Poppins|600|||||||&#8221; header_2_font_size=&#8221;40px&#8221; header_2_line_height=&#8221;1.4em&#8221; header_3_font=&#8221;Poppins|600||on|||||&#8221; header_3_text_color=&#8221;#ff885a&#8221; header_3_font_size=&#8221;13px&#8221; header_3_letter_spacing=&#8221;2px&#8221; header_3_line_height=&#8221;1.8em&#8221; max_width=&#8221;700px&#8221; module_alignment=&#8221;center&#8221; header_2_font_size_tablet=&#8221;26px&#8221; header_2_font_size_phone=&#8221;20px&#8221; header_2_font_size_last_edited=&#8221;on|phone&#8221; locked=&#8221;off&#8221;] m\u016bsu pakalpojumi Projektu virz\u012b\u0161ana [\/et_pb_text][\/et_pb_column][et_pb_column type=&#8221;1_2&#8243; _builder_version=&#8221;3.25&#8243; custom_padding=&#8221;|||&#8221; custom_padding__hover=&#8221;|||&#8221;][et_pb_text _builder_version=&#8221;4.0.9&#8243; text_font=&#8221;||||||||&#8221; text_text_color=&#8221;#000000&#8243; text_line_height=&#8221;2em&#8221; header_2_font=&#8221;Poppins|600|||||||&#8221; header_2_font_size=&#8221;40px&#8221; header_2_line_height=&#8221;1.4em&#8221; header_3_font=&#8221;Poppins|600||on|||||&#8221; header_3_text_color=&#8221;#ff885a&#8221; header_3_font_size=&#8221;13px&#8221; header_3_letter_spacing=&#8221;2px&#8221; header_3_line_height=&#8221;1.8em&#8221; max_width=&#8221;700px&#8221; hover_enabled=&#8221;0&#8243; header_2_font_size_tablet=&#8221;26px&#8221; header_2_font_size_phone=&#8221;20px&#8221; header_2_font_size_last_edited=&#8221;on|phone&#8221; locked=&#8221;off&#8221;] [&hellip;]<\/p>\n","protected":false},"author":1,"featured_media":0,"parent":0,"menu_order":0,"comment_status":"closed","ping_status":"closed","template":"","meta":{"_et_pb_use_builder":"on","_et_pb_old_content":"","footnotes":""},"_links":{"self":[{"href":"https:\/\/stronghold.lv\/lv\/wp-json\/wp\/v2\/pages\/515\/"}],"collection":[{"href":"https:\/\/stronghold.lv\/lv\/wp-json\/wp\/v2\/pages\/"}],"about":[{"href":"https:\/\/stronghold.lv\/lv\/wp-json\/wp\/v2\/types\/page\/"}],"author":[{"embeddable":true,"href":"https:\/\/stronghold.lv\/lv\/wp-json\/wp\/v2\/users\/1\/"}],"replies":[{"embeddable":true,"href":"https:\/\/stronghold.lv\/lv\/wp-json\/wp\/v2\/comments\/?post=515"}],"version-history":[{"count":7,"href":"https:\/\/stronghold.lv\/lv\/wp-json\/wp\/v2\/pages\/515\/revisions\/"}],"predecessor-version":[{"id":991,"href":"https:\/\/stronghold.lv\/lv\/wp-json\/wp\/v2\/pages\/515\/revisions\/991\/"}],"wp:attachment":[{"href":"https:\/\/stronghold.lv\/lv\/wp-json\/wp\/v2\/media\/?parent=515"}],"curies":[{"name":"wp","href":"https:\/\/api.w.org\/{rel}","templated":true}]}}