{"id":524,"date":"2019-11-14T11:01:33","date_gmt":"2019-11-14T11:01:33","guid":{"rendered":"http:\/\/stronghold.g-2.eu\/%d0%bc%d0%b0%d1%80%d0%ba%d0%b5%d1%82%d0%b8%d0%bd%d0%b3%d0%be%d0%b2%d1%8b%d0%b9-%d0%ba%d0%be%d0%bd%d1%81%d0%b0%d0%bb%d1%82%d0%b8%d0%bd%d0%b3\/"},"modified":"2020-02-13T10:42:48","modified_gmt":"2020-02-13T10:42:48","slug":"marketinga-konsultacijas","status":"publish","type":"page","link":"https:\/\/stronghold.lv\/lv\/marketinga-konsultacijas\/","title":{"rendered":"M\u0101rketinga konsult\u0101cijas"},"content":{"rendered":"<p>[et_pb_section fb_built=&#8221;1&#8243; custom_padding_last_edited=&#8221;on|phone&#8221; next_background_color=&#8221;#ffffff&#8221; admin_label=&#8221;Header&#8221; _builder_version=&#8221;4.0.9&#8243; use_background_color_gradient=&#8221;on&#8221; background_color_gradient_start=&#8221;rgba(87,104,208,0.18)&#8221; background_color_gradient_end=&#8221;#5768d0&#8243; background_color_gradient_direction=&#8221;0deg&#8221; background_image=&#8221;https:\/\/stronghold.lv\/wp-content\/uploads\/2019\/09\/software-32.png&#8221; background_size=&#8221;contain&#8221; background_position=&#8221;bottom_right&#8221; custom_margin=&#8221;||||false&#8221; custom_padding=&#8221;10vw||15vw||false|false&#8221; custom_padding_tablet=&#8221;||44vw&#8221; custom_padding_phone=&#8221;&#8221; bottom_divider_style=&#8221;asymmetric&#8221; bottom_divider_height=&#8221;14vw&#8221; hover_enabled=&#8221;0&#8243; background_color_gradient_end_position=&#8221;50%&#8221;][et_pb_row custom_padding_last_edited=&#8221;on|tablet&#8221; _builder_version=&#8221;3.25&#8243; max_width=&#8221;80%&#8221; custom_padding=&#8221;0px|0px|0|0px|false|false&#8221; custom_padding_tablet=&#8221;40px||40px||true&#8221; custom_padding_phone=&#8221;&#8221; use_custom_width=&#8221;on&#8221; width_unit=&#8221;off&#8221;][et_pb_column type=&#8221;4_4&#8243; _builder_version=&#8221;3.25&#8243; custom_padding=&#8221;|||&#8221; custom_padding__hover=&#8221;|||&#8221;][et_pb_text _builder_version=&#8221;3.29.2&#8243; text_font=&#8221;||||||||&#8221; header_font=&#8221;Poppins|600|||||||&#8221; header_font_size=&#8221;5vw&#8221; header_line_height=&#8221;1.5em&#8221; header_2_font=&#8221;Poppins|600|||||||&#8221; header_2_font_size=&#8221;30px&#8221; header_2_line_height=&#8221;1.4em&#8221; background_layout=&#8221;dark&#8221; max_width=&#8221;80%&#8221; max_width_tablet=&#8221;&#8221; max_width_phone=&#8221;&#8221; max_width_last_edited=&#8221;on|phone&#8221; custom_margin=&#8221;||20px&#8221; animation_style=&#8221;fade&#8221; header_font_size_tablet=&#8221;38px&#8221; header_font_size_phone=&#8221;28px&#8221; header_font_size_last_edited=&#8221;on|phone&#8221; header_2_font_size_tablet=&#8221;26px&#8221; header_2_font_size_phone=&#8221;20px&#8221; header_2_font_size_last_edited=&#8221;on|phone&#8221; header_text_shadow_style=&#8221;preset3&#8243; header_text_shadow_vertical_length=&#8221;0.3em&#8221; header_text_shadow_blur_strength=&#8221;1.4em&#8221; header_text_shadow_color=&#8221;rgba(0,0,0,0.24)&#8221; header_3_font_size__hover=&#8221;22px&#8221; header_3_font_size__hover_enabled=&#8221;22px&#8221; header_3_letter_spacing__hover=&#8221;0px&#8221; header_3_letter_spacing__hover_enabled=&#8221;0px&#8221; header_3_line_height__hover=&#8221;1em&#8221; header_3_line_height__hover_enabled=&#8221;1em&#8221; header_3_text_shadow_style__hover=&#8221;none&#8221; header_3_text_shadow_style__hover_enabled=&#8221;none&#8221; header_3_text_shadow_color__hover=&#8221;rgba(0,0,0,0.4)&#8221; header_3_text_shadow_color__hover_enabled=&#8221;rgba(0,0,0,0.4)&#8221;]<\/p>\n<h1>M\u0101rketinga konsult\u0101cijas<\/h1>\n<p>[\/et_pb_text][et_pb_text _builder_version=&#8221;3.29.2&#8243; text_font=&#8221;||||||||&#8221; text_font_size=&#8221;16px&#8221; text_line_height=&#8221;2em&#8221; background_layout=&#8221;dark&#8221; max_width=&#8221;60%&#8221; max_width_tablet=&#8221;&#8221; max_width_phone=&#8221;&#8221; max_width_last_edited=&#8221;on|tablet&#8221; custom_margin=&#8221;||60px&#8221; custom_margin_tablet=&#8221;||30px&#8221; custom_margin_phone=&#8221;&#8221; custom_margin_last_edited=&#8221;on|desktop&#8221; text_font_size_tablet=&#8221;&#8221; text_font_size_phone=&#8221;14px&#8221; text_font_size_last_edited=&#8221;on|phone&#8221;]<\/p>\n<ul>\n<li>Strat\u0113\u0123ijas pl\u0101no\u0161ana un izpilde<\/li>\n<li>Tirgus anal\u012bze<\/li>\n<li>Strat\u0113\u0123ijas atjaunin\u0101\u0161ana saist\u012bb\u0101 ar \u0101r\u0113j\u0101m izmai\u0146\u0101m<\/li>\n<li>ROI m\u0113r\u012b\u0161ana un optimiz\u0101cijas padomi<\/li>\n<li>Sare\u017e\u0123\u012btu m\u0101rketinga procesu skaidro\u0161ana<\/li>\n<li>Pa\u0161reiz notieko\u0161o kampa\u0146u izseko\u0161ana<\/li>\n<\/ul>\n<p>[\/et_pb_text][\/et_pb_column][\/et_pb_row][\/et_pb_section][et_pb_section fb_built=&#8221;1&#8243; admin_label=&#8221;About Us&#8221; _builder_version=&#8221;3.22&#8243; custom_padding=&#8221;||53px|||&#8221;][et_pb_row column_structure=&#8221;1_2,1_2&#8243; _builder_version=&#8221;3.25&#8243;][et_pb_column type=&#8221;1_2&#8243; _builder_version=&#8221;3.25&#8243; custom_padding=&#8221;|||&#8221; custom_padding__hover=&#8221;|||&#8221;][et_pb_text _builder_version=&#8221;3.29.2&#8243; text_font=&#8221;||||||||&#8221; text_line_height=&#8221;2em&#8221; header_font=&#8221;||||||||&#8221; header_2_font=&#8221;Poppins|600|||||||&#8221; header_2_font_size=&#8221;40px&#8221; header_2_line_height=&#8221;1.4em&#8221; header_3_font=&#8221;Poppins|600||on|||||&#8221; header_3_text_color=&#8221;#ff885a&#8221; header_3_font_size=&#8221;13px&#8221; header_3_letter_spacing=&#8221;2px&#8221; header_3_line_height=&#8221;1.8em&#8221; max_width=&#8221;700px&#8221; module_alignment=&#8221;center&#8221; header_2_font_size_tablet=&#8221;26px&#8221; header_2_font_size_phone=&#8221;20px&#8221; header_2_font_size_last_edited=&#8221;on|phone&#8221; locked=&#8221;off&#8221;]<\/p>\n<h3><\/h3>\n<h2><span style=\"color: #000000;\">K\u0101p\u0113c ir nepiecie\u0161ams<\/span> <span style=\"color: #6767ef;\">m\u0101rketings?<\/span><\/h2>\n<p>[\/et_pb_text][\/et_pb_column][et_pb_column type=&#8221;1_2&#8243; _builder_version=&#8221;3.25&#8243; custom_padding=&#8221;|||&#8221; custom_padding__hover=&#8221;|||&#8221;][et_pb_text _builder_version=&#8221;4.0.9&#8243; text_font=&#8221;||||||||&#8221; text_text_color=&#8221;#000000&#8243; text_line_height=&#8221;2em&#8221; header_2_font=&#8221;Poppins|600|||||||&#8221; header_2_font_size=&#8221;40px&#8221; header_2_line_height=&#8221;1.4em&#8221; header_3_font=&#8221;Poppins|600||on|||||&#8221; header_3_text_color=&#8221;#ff885a&#8221; header_3_font_size=&#8221;13px&#8221; header_3_letter_spacing=&#8221;2px&#8221; header_3_line_height=&#8221;1.8em&#8221; max_width=&#8221;700px&#8221; header_2_font_size_tablet=&#8221;26px&#8221; header_2_font_size_phone=&#8221;20px&#8221; header_2_font_size_last_edited=&#8221;on|phone&#8221; locked=&#8221;off&#8221;]<\/p>\n<p>M\u0101rketings pal\u012bdz uz\u0146\u0113mumiem rad\u012bt jaunus pakalpojumus, kuriem ir vislab\u0101kais pe\u013c\u0146as potenci\u0101ls, k\u0101 ar\u012b jaunas idejas uz\u0146\u0113muma darb\u012bbas uzlabo\u0161anai. Tas ir saist\u012bts ar to, ka m\u0101rketinga strat\u0113\u0123ija s\u0101kas ar tirgus izp\u0113ti, \u0146emot v\u0113r\u0101 m\u0113r\u0137auditorijas vajadz\u012bbas.<\/p>\n<p>Izmantojot inform\u0101ciju par piepras\u012bjumu un tendenc\u0113m, varat noteikt, ko klienti v\u0113las un k\u0101du labumu vi\u0146i sagaida. T\u0101d\u0113j\u0101di j\u016bs varat at\u0161\u0137irt savu produktu no konkurentu pied\u0101v\u0101jumiem un ieg\u016bt pat\u0113r\u0113t\u0101ju uztic\u012bbu.<\/p>\n<p>J\u0101atceras \u2013 lai sasniegtu liel\u0101ku auditoriju, j\u0101izmanto da\u017e\u0101di sazi\u0146as kan\u0101li un da\u017e\u0101di v\u0113st\u012bjumi. Bez strat\u0113\u0123ijas rekl\u0101mas nauda, visticam\u0101k, tiks iz\u0161\u0137iesta. Jums j\u0101zina, k\u0101da veida pla\u0161sazi\u0146as l\u012bdzek\u013ciem klienti dod priek\u0161roku, kad ieteicams veidot rekl\u0101mas publik\u0101cijas utt.<\/p>\n<p>[\/et_pb_text][\/et_pb_column][\/et_pb_row][\/et_pb_section][et_pb_section fb_built=&#8221;1&#8243; admin_label=&#8221;Team&#8221; _builder_version=&#8221;3.22&#8243; custom_padding=&#8221;0px|||||&#8221; custom_width_px__hover=&#8221;1080px&#8221; custom_width_px__hover_enabled=&#8221;1080px&#8221; custom_width_percent__hover=&#8221;80%&#8221; custom_width_percent__hover_enabled=&#8221;80%&#8221; gutter_width__hover=&#8221;3&#8243; gutter_width__hover_enabled=&#8221;3&#8243; parallax_1__hover=&#8221;off&#8221; parallax_1__hover_enabled=&#8221;off&#8221; parallax_2__hover=&#8221;off&#8221; parallax_2__hover_enabled=&#8221;off&#8221; parallax_3__hover=&#8221;off&#8221; parallax_3__hover_enabled=&#8221;off&#8221; parallax_method_1__hover=&#8221;on&#8221; parallax_method_1__hover_enabled=&#8221;on&#8221; parallax_method_2__hover=&#8221;on&#8221; parallax_method_2__hover_enabled=&#8221;on&#8221; parallax_method_3__hover=&#8221;on&#8221; parallax_method_3__hover_enabled=&#8221;on&#8221; use_background_color_gradient__hover=&#8221;off&#8221; use_background_color_gradient__hover_enabled=&#8221;off&#8221; background_color_gradient_start__hover=&#8221;#2b87da&#8221; background_color_gradient_start__hover_enabled=&#8221;#2b87da&#8221; background_color_gradient_end__hover=&#8221;#29c4a9&#8243; background_color_gradient_end__hover_enabled=&#8221;#29c4a9&#8243; background_color_gradient_type__hover=&#8221;linear&#8221; background_color_gradient_type__hover_enabled=&#8221;linear&#8221; background_color_gradient_direction__hover=&#8221;180deg&#8221; background_color_gradient_direction__hover_enabled=&#8221;180deg&#8221; background_color_gradient_direction_radial__hover=&#8221;center&#8221; background_color_gradient_direction_radial__hover_enabled=&#8221;center&#8221; background_color_gradient_start_position__hover=&#8221;0%&#8221; background_color_gradient_start_position__hover_enabled=&#8221;0%&#8221; background_color_gradient_end_position__hover=&#8221;100%&#8221; background_color_gradient_end_position__hover_enabled=&#8221;100%&#8221; background_color_gradient_overlays_image__hover=&#8221;off&#8221; background_color_gradient_overlays_image__hover_enabled=&#8221;off&#8221; parallax__hover=&#8221;off&#8221; parallax__hover_enabled=&#8221;off&#8221; parallax_method__hover=&#8221;on&#8221; parallax_method__hover_enabled=&#8221;on&#8221; background_size__hover=&#8221;cover&#8221; background_size__hover_enabled=&#8221;cover&#8221; background_position__hover=&#8221;center&#8221; background_position__hover_enabled=&#8221;center&#8221; background_repeat__hover=&#8221;no-repeat&#8221; background_repeat__hover_enabled=&#8221;no-repeat&#8221; background_blend__hover=&#8221;normal&#8221; background_blend__hover_enabled=&#8221;normal&#8221; allow_player_pause__hover=&#8221;off&#8221; allow_player_pause__hover_enabled=&#8221;off&#8221; background_video_pause_outside_viewport__hover=&#8221;on&#8221; background_video_pause_outside_viewport__hover_enabled=&#8221;on&#8221; inner_shadow__hover=&#8221;off&#8221; inner_shadow__hover_enabled=&#8221;off&#8221; make_fullwidth__hover=&#8221;off&#8221; make_fullwidth__hover_enabled=&#8221;off&#8221; use_custom_width__hover=&#8221;off&#8221; use_custom_width__hover_enabled=&#8221;off&#8221; width_unit__hover=&#8221;on&#8221; width_unit__hover_enabled=&#8221;on&#8221; make_equal__hover=&#8221;off&#8221; make_equal__hover_enabled=&#8221;off&#8221; use_custom_gutter__hover=&#8221;off&#8221; use_custom_gutter__hover_enabled=&#8221;off&#8221; border_radii__hover=&#8221;on||||&#8221; border_radii__hover_enabled=&#8221;on||||&#8221; box_shadow_style__hover=&#8221;none&#8221; box_shadow_style__hover_enabled=&#8221;none&#8221; box_shadow_color__hover=&#8221;rgba(0,0,0,0.3)&#8221; box_shadow_color__hover_enabled=&#8221;rgba(0,0,0,0.3)&#8221; max_width__hover=&#8221;100%&#8221; max_width__hover_enabled=&#8221;100%&#8221; filter_hue_rotate__hover=&#8221;0deg&#8221; filter_hue_rotate__hover_enabled=&#8221;0deg&#8221; filter_saturate__hover=&#8221;100%&#8221; filter_saturate__hover_enabled=&#8221;100%&#8221; filter_brightness__hover=&#8221;100%&#8221; filter_brightness__hover_enabled=&#8221;100%&#8221; filter_contrast__hover=&#8221;100%&#8221; filter_contrast__hover_enabled=&#8221;100%&#8221; filter_invert__hover=&#8221;0%&#8221; filter_invert__hover_enabled=&#8221;0%&#8221; filter_sepia__hover=&#8221;0%&#8221; filter_sepia__hover_enabled=&#8221;0%&#8221; filter_opacity__hover=&#8221;100%&#8221; filter_opacity__hover_enabled=&#8221;100%&#8221; filter_blur__hover=&#8221;0px&#8221; filter_blur__hover_enabled=&#8221;0px&#8221; mix_blend_mode__hover=&#8221;normal&#8221; mix_blend_mode__hover_enabled=&#8221;normal&#8221; animation_style__hover=&#8221;none&#8221; animation_style__hover_enabled=&#8221;none&#8221; animation_repeat__hover=&#8221;once&#8221; animation_repeat__hover_enabled=&#8221;once&#8221; animation_direction__hover=&#8221;center&#8221; animation_direction__hover_enabled=&#8221;center&#8221; animation_duration__hover=&#8221;1000ms&#8221; animation_duration__hover_enabled=&#8221;1000ms&#8221; animation_delay__hover=&#8221;0ms&#8221; animation_delay__hover_enabled=&#8221;0ms&#8221; animation_intensity_slide__hover=&#8221;50%&#8221; animation_intensity_slide__hover_enabled=&#8221;50%&#8221; animation_intensity_zoom__hover=&#8221;50%&#8221; animation_intensity_zoom__hover_enabled=&#8221;50%&#8221; animation_intensity_flip__hover=&#8221;50%&#8221; animation_intensity_flip__hover_enabled=&#8221;50%&#8221; animation_intensity_fold__hover=&#8221;50%&#8221; animation_intensity_fold__hover_enabled=&#8221;50%&#8221; animation_intensity_roll__hover=&#8221;50%&#8221; animation_intensity_roll__hover_enabled=&#8221;50%&#8221; animation_starting_opacity__hover=&#8221;0%&#8221; animation_starting_opacity__hover_enabled=&#8221;0%&#8221; animation_speed_curve__hover=&#8221;ease-in-out&#8221; animation_speed_curve__hover_enabled=&#8221;ease-in-out&#8221; hover_transition_duration__hover=&#8221;300ms&#8221; hover_transition_duration__hover_enabled=&#8221;300ms&#8221; hover_transition_delay__hover=&#8221;0ms&#8221; hover_transition_delay__hover_enabled=&#8221;0ms&#8221; hover_transition_speed_curve__hover=&#8221;ease&#8221; hover_transition_speed_curve__hover_enabled=&#8221;ease&#8221;][et_pb_row _builder_version=&#8221;3.29.2&#8243; custom_padding=&#8221;0px|||||&#8221;][et_pb_column type=&#8221;4_4&#8243; _builder_version=&#8221;3.29.2&#8243;][et_pb_image src=&#8221;https:\/\/stronghold.lv\/wp-content\/uploads\/2019\/10\/imgonline-com-ua-Resize-pQUn7WTRdgH0XyLA.jpg&#8221; _builder_version=&#8221;3.29.2&#8243;][\/et_pb_image][\/et_pb_column][\/et_pb_row][\/et_pb_section][et_pb_section fb_built=&#8221;1&#8243; admin_label=&#8221;Footer&#8221; _builder_version=&#8221;3.22&#8243; background_color=&#8221;#150b72&#8243; background_image=&#8221;https:\/\/stronghold.lv\/wp-content\/uploads\/2019\/09\/software-10.png&#8221; background_position=&#8221;top_center&#8221; custom_padding=&#8221;14vw||8vw||false|false&#8221; locked=&#8221;off&#8221;][et_pb_row custom_padding_last_edited=&#8221;on|tablet&#8221; _builder_version=&#8221;3.25&#8243; max_width=&#8221;80%&#8221; custom_padding=&#8221;0px|0px|0|0px|false|false&#8221; custom_padding_tablet=&#8221;40px||40px||true&#8221; custom_padding_phone=&#8221;&#8221; animation_style=&#8221;slide&#8221; animation_direction=&#8221;bottom&#8221; animation_intensity_slide=&#8221;2%&#8221; use_custom_width=&#8221;on&#8221; width_unit=&#8221;off&#8221;][et_pb_column type=&#8221;4_4&#8243; _builder_version=&#8221;3.25&#8243; custom_padding=&#8221;|||&#8221; custom_padding__hover=&#8221;|||&#8221;][et_pb_text _builder_version=&#8221;3.29.2&#8243; text_font=&#8221;||||||||&#8221; header_font=&#8221;Poppins|600|||||||&#8221; header_font_size=&#8221;5vw&#8221; header_line_height=&#8221;1.5em&#8221; header_2_font=&#8221;Poppins|600|||||||&#8221; header_2_font_size=&#8221;4vw&#8221; header_2_line_height=&#8221;1.5em&#8221; text_orientation=&#8221;center&#8221; background_layout=&#8221;dark&#8221; max_width=&#8221;87.8%&#8221; max_width_tablet=&#8221;&#8221; max_width_phone=&#8221;&#8221; max_width_last_edited=&#8221;on|phone&#8221; module_alignment=&#8221;center&#8221; custom_margin=&#8221;||20px&#8221; header_font_size_tablet=&#8221;38px&#8221; header_font_size_phone=&#8221;28px&#8221; header_font_size_last_edited=&#8221;on|phone&#8221; header_2_font_size_tablet=&#8221;38px&#8221; header_2_font_size_phone=&#8221;28px&#8221; header_2_font_size_last_edited=&#8221;on|phone&#8221; header_text_shadow_style=&#8221;preset3&#8243; header_text_shadow_vertical_length=&#8221;0.3em&#8221; header_text_shadow_blur_strength=&#8221;1.4em&#8221; header_text_shadow_color=&#8221;rgba(0,0,0,0.24)&#8221; header_2_text_shadow_style=&#8221;preset3&#8243; header_2_text_shadow_vertical_length=&#8221;0.3em&#8221; header_2_text_shadow_blur_strength=&#8221;1.4em&#8221; header_2_text_shadow_color=&#8221;rgba(0,0,0,0.24)&#8221; header_3_font_size__hover=&#8221;22px&#8221; header_3_font_size__hover_enabled=&#8221;22px&#8221; header_3_letter_spacing__hover=&#8221;0px&#8221; header_3_letter_spacing__hover_enabled=&#8221;0px&#8221; header_3_line_height__hover=&#8221;1em&#8221; header_3_line_height__hover_enabled=&#8221;1em&#8221; header_3_text_shadow_style__hover=&#8221;none&#8221; header_3_text_shadow_style__hover_enabled=&#8221;none&#8221; header_3_text_shadow_color__hover=&#8221;rgba(0,0,0,0.4)&#8221; header_3_text_shadow_color__hover_enabled=&#8221;rgba(0,0,0,0.4)&#8221; header_2_font_size__hover=&#8221;26px&#8221; header_2_font_size__hover_enabled=&#8221;26px&#8221; header_2_letter_spacing__hover=&#8221;0px&#8221; header_2_letter_spacing__hover_enabled=&#8221;0px&#8221; header_2_line_height__hover=&#8221;1em&#8221; header_2_line_height__hover_enabled=&#8221;1em&#8221; header_2_text_shadow_style__hover=&#8221;none&#8221; header_2_text_shadow_style__hover_enabled=&#8221;none&#8221; header_2_text_shadow_color__hover=&#8221;rgba(0,0,0,0.4)&#8221; header_2_text_shadow_color__hover_enabled=&#8221;rgba(0,0,0,0.4)&#8221;]<\/p>\n<div class=\"et_pb_module et_pb_text et_pb_text_5 et_pb_bg_layout_dark  et_pb_text_align_center\">\n<div class=\"et_pb_text_inner\">\n<h2>Sazinieties ar mums<\/h2>\n<\/div>\n<\/div>\n<p>[\/et_pb_text][et_pb_text _builder_version=&#8221;3.29.2&#8243; text_font=&#8221;||||||||&#8221; text_font_size=&#8221;16px&#8221; text_line_height=&#8221;2em&#8221; text_orientation=&#8221;center&#8221; background_layout=&#8221;dark&#8221; max_width=&#8221;60%&#8221; max_width_tablet=&#8221;&#8221; max_width_phone=&#8221;&#8221; max_width_last_edited=&#8221;on|tablet&#8221; module_alignment=&#8221;center&#8221; custom_margin=&#8221;||60px&#8221; custom_margin_tablet=&#8221;||30px&#8221; custom_margin_phone=&#8221;&#8221; custom_margin_last_edited=&#8221;on|desktop&#8221; text_font_size_tablet=&#8221;&#8221; text_font_size_phone=&#8221;14px&#8221; text_font_size_last_edited=&#8221;on|phone&#8221;]<\/p>\n<p>Ja jums rodas jaut\u0101jumi \u2013 jaut\u0101jiet! M\u0113s ar prieku atbild\u0113sim uz tiem un cent\u012bsimies to izdar\u012bt 24 stundu laik\u0101.<\/p>\n<p>[\/et_pb_text][et_pb_button button_url=&#8221;https:\/\/stronghold.lv\/lv\/kontakti&#8221; button_text=&#8221;Sazin\u0101ties&#8221; button_alignment=&#8221;center&#8221; _builder_version=&#8221;3.29.2&#8243; custom_button=&#8221;on&#8221; button_text_size=&#8221;16px&#8221; button_text_color=&#8221;#ffffff&#8221; button_bg_color=&#8221;#091c4f&#8221; button_border_color=&#8221;rgba(0,0,0,0)&#8221; button_border_radius=&#8221;100px&#8221; button_letter_spacing=&#8221;2px&#8221; button_font=&#8221;Poppins|600|||||||&#8221; button_use_icon=&#8221;off&#8221; custom_padding=&#8221;16px|32px|16px|32px|true|true&#8221; box_shadow_style=&#8221;preset1&#8243; box_shadow_vertical=&#8221;20px&#8221; box_shadow_blur=&#8221;71px&#8221; box_shadow_spread=&#8221;-14px&#8221; box_shadow_color=&#8221;#091c4f&#8221; button_letter_spacing_hover=&#8221;2px&#8221; button_text_size__hover_enabled=&#8221;off&#8221; button_one_text_size__hover_enabled=&#8221;off&#8221; button_two_text_size__hover_enabled=&#8221;off&#8221; button_text_color__hover_enabled=&#8221;off&#8221; button_one_text_color__hover_enabled=&#8221;off&#8221; button_two_text_color__hover_enabled=&#8221;off&#8221; button_border_width__hover_enabled=&#8221;off&#8221; button_one_border_width__hover_enabled=&#8221;off&#8221; button_two_border_width__hover_enabled=&#8221;off&#8221; button_border_color__hover_enabled=&#8221;off&#8221; button_one_border_color__hover_enabled=&#8221;off&#8221; button_two_border_color__hover_enabled=&#8221;off&#8221; button_border_radius__hover_enabled=&#8221;off&#8221; button_one_border_radius__hover_enabled=&#8221;off&#8221; button_two_border_radius__hover_enabled=&#8221;off&#8221; button_letter_spacing__hover_enabled=&#8221;on&#8221; button_letter_spacing__hover=&#8221;2px&#8221; button_one_letter_spacing__hover_enabled=&#8221;off&#8221; button_two_letter_spacing__hover_enabled=&#8221;off&#8221; button_bg_color__hover_enabled=&#8221;off&#8221; button_one_bg_color__hover_enabled=&#8221;off&#8221; button_two_bg_color__hover_enabled=&#8221;off&#8221;][\/et_pb_button][\/et_pb_column][\/et_pb_row][\/et_pb_section]<\/p>\n","protected":false},"excerpt":{"rendered":"<p>[et_pb_section fb_built=&#8221;1&#8243; custom_padding_last_edited=&#8221;on|phone&#8221; next_background_color=&#8221;#ffffff&#8221; admin_label=&#8221;Header&#8221; _builder_version=&#8221;4.0.9&#8243; use_background_color_gradient=&#8221;on&#8221; background_color_gradient_start=&#8221;rgba(87,104,208,0.18)&#8221; background_color_gradient_end=&#8221;#5768d0&#8243; background_color_gradient_direction=&#8221;0deg&#8221; background_image=&#8221;https:\/\/stronghold.lv\/wp-content\/uploads\/2019\/09\/software-32.png&#8221; background_size=&#8221;contain&#8221; background_position=&#8221;bottom_right&#8221; custom_margin=&#8221;||||false&#8221; custom_padding=&#8221;10vw||15vw||false|false&#8221; custom_padding_tablet=&#8221;||44vw&#8221; custom_padding_phone=&#8221;&#8221; bottom_divider_style=&#8221;asymmetric&#8221; bottom_divider_height=&#8221;14vw&#8221; hover_enabled=&#8221;0&#8243; background_color_gradient_end_position=&#8221;50%&#8221;][et_pb_row custom_padding_last_edited=&#8221;on|tablet&#8221; _builder_version=&#8221;3.25&#8243; max_width=&#8221;80%&#8221; custom_padding=&#8221;0px|0px|0|0px|false|false&#8221; custom_padding_tablet=&#8221;40px||40px||true&#8221; custom_padding_phone=&#8221;&#8221; use_custom_width=&#8221;on&#8221; width_unit=&#8221;off&#8221;][et_pb_column type=&#8221;4_4&#8243; _builder_version=&#8221;3.25&#8243; custom_padding=&#8221;|||&#8221; custom_padding__hover=&#8221;|||&#8221;][et_pb_text _builder_version=&#8221;3.29.2&#8243; text_font=&#8221;||||||||&#8221; header_font=&#8221;Poppins|600|||||||&#8221; header_font_size=&#8221;5vw&#8221; header_line_height=&#8221;1.5em&#8221; header_2_font=&#8221;Poppins|600|||||||&#8221; header_2_font_size=&#8221;30px&#8221; header_2_line_height=&#8221;1.4em&#8221; background_layout=&#8221;dark&#8221; max_width=&#8221;80%&#8221; max_width_tablet=&#8221;&#8221; max_width_phone=&#8221;&#8221; max_width_last_edited=&#8221;on|phone&#8221; custom_margin=&#8221;||20px&#8221; animation_style=&#8221;fade&#8221; header_font_size_tablet=&#8221;38px&#8221; header_font_size_phone=&#8221;28px&#8221; header_font_size_last_edited=&#8221;on|phone&#8221; header_2_font_size_tablet=&#8221;26px&#8221; header_2_font_size_phone=&#8221;20px&#8221; header_2_font_size_last_edited=&#8221;on|phone&#8221; header_text_shadow_style=&#8221;preset3&#8243; [&hellip;]<\/p>\n","protected":false},"author":1,"featured_media":0,"parent":0,"menu_order":0,"comment_status":"closed","ping_status":"closed","template":"","meta":{"_et_pb_use_builder":"on","_et_pb_old_content":"","footnotes":""},"_links":{"self":[{"href":"https:\/\/stronghold.lv\/lv\/wp-json\/wp\/v2\/pages\/524\/"}],"collection":[{"href":"https:\/\/stronghold.lv\/lv\/wp-json\/wp\/v2\/pages\/"}],"about":[{"href":"https:\/\/stronghold.lv\/lv\/wp-json\/wp\/v2\/types\/page\/"}],"author":[{"embeddable":true,"href":"https:\/\/stronghold.lv\/lv\/wp-json\/wp\/v2\/users\/1\/"}],"replies":[{"embeddable":true,"href":"https:\/\/stronghold.lv\/lv\/wp-json\/wp\/v2\/comments\/?post=524"}],"version-history":[{"count":8,"href":"https:\/\/stronghold.lv\/lv\/wp-json\/wp\/v2\/pages\/524\/revisions\/"}],"predecessor-version":[{"id":1102,"href":"https:\/\/stronghold.lv\/lv\/wp-json\/wp\/v2\/pages\/524\/revisions\/1102\/"}],"wp:attachment":[{"href":"https:\/\/stronghold.lv\/lv\/wp-json\/wp\/v2\/media\/?parent=524"}],"curies":[{"name":"wp","href":"https:\/\/api.w.org\/{rel}","templated":true}]}}